{"id":294,"date":"2022-06-09T14:47:35","date_gmt":"2022-06-09T14:47:35","guid":{"rendered":"https:\/\/swedishtelecom.com\/?page_id=294"},"modified":"2025-01-23T09:38:41","modified_gmt":"2025-01-23T09:38:41","slug":"blog","status":"publish","type":"page","link":"https:\/\/swedishtelecom.com\/sv\/blog\/","title":{"rendered":"Blogg &amp; pressmeddelanden"},"content":{"rendered":"[et_pb_section fb_built=\u201d1\u2033 admin_label=\u201dHeader\u201d _builder_version=\u201d3.23.3\u2033 background_color=\u201d#f7f7f7\u2033 use_background_color_gradient=\u201don\u201d background_color_gradient_start=\u201d#f7f7f7\u2033 background_color_gradient_end=\u201d#ffffff\u201d background_color_gradient_direction=\u201d90deg\u201d background_color_gradient_start_position=\u201d66%\u201d background_color_gradient_end_position =\u201d0%\u201d custom_margin=&quot;|||||&quot; custom_padding=&quot;||0px|||&quot; background_last_edited=\u201dp\u00e5|surfplatta\u201d use_background_color_gradient_tablet=\u201dp\u00e5\u201d background_color_gradient_start_position_tablet=\u201d100%\u201d locked=\u201doff\u201d global_colors_info=\u201d{}\u201d theme_builder_area=\u201dpost_content\u201d][ed_phoneet_padding_right=\u201dpost_content\u201d][ed_phoneet_padding_right_l\u00e4nk=\u201dpost_content\u201d][ed_phoneet_padding_right_l\u00e4nk=\u201dfot_pb_l\u00e4nk\u201d\u201d][ed_phone_padding_right\u201d| \u201d3.25\u2033 background_image=\u201dhttps:\/\/swedishtelecom.com\/wp-content\/uploads\/2022\/06\/green-energy-20.png\u201d background_size=\u201dinitial\u201d background_position=\u201dtop_left\u201d custom_margin=\u201d||\u201d custom_padding=\u201d|||20px\u201d custom_padding_tablet=\u201d\u201d custom_padding_phone=\u201d||0px\u201d global_colors_info=\u201d{}\u201d column_structure=\u201d1_2,1_2\u2033 theme_builder_area=\u201dpost_content\u201d][et_pb_builderversion=_\u201d_2\u2033 \u2033 background_repeat=\u201drepeat\u201d custom_padding=\u201d|||\u201d custom_padding_phone=\u201d|||0px\u201d custom_padding_last_edited=\u201doff|phone\u201d global_colors_info=\u201d{}\u201d custom_padding__hover=\u201d|||\u201d theme_builder_area=\u201dpost_content\u201d][et_pb_text _builder_version=\u201d3.27.4\u2033 text_font=\u201d|||||||\u201d text_font_size=\u201d20px\u201d text_line_height=\u201d1.8em\u201d header_font=\u201dBitter|||||||\u201d header_font_size=\u201d60px\u201d header_line_height=\u201d1.3em\u201d custom_margin=\u201d||\u201d text_font_size_tablet=\u201d\u201d text_font_size_phone=\u201d14px\u201d text_font_size_last_edited=\u201don|desktop\u201d header_font_size_tablet=\u201d50px\u201d header_font_size_phone=\u201d30px\u201d header_font_size_last_edited=\u201dp\u00e5|desktop\u201d header_font_size_tablet=\u201d50px\u201d header_font_size_phone=\u201d30px\u201d header_font_size_last_phones\u201d_inl\u00e4gg\u201d_aten\u201dglobal\u201d_color\u201dthe_phone\u201d_\u201d_inl\u00e4gg\u201d_aten\u201dglobal\/<h1><span style=\"color: #4359e9;\">Nyheter\u00a0<\/span>&amp; Pressmeddelande<\/h1>\n<div class=\"text parbase\">\n<div class=\"textcolumn\">\n<p class=\"text-base\">Utforska v\u00e5ra pressmeddelanden och nyheter om v\u00e5rt f\u00f6retag, projekt, produkter och innovationer.<\/p>\n<\/div>\n<div><\/div>\n<\/div>\n<div class=\"stock-price parbase\">\n<div class=\"mt-8\">\n<div class=\"wdAngularApp ng-scope\" data-angular-app=\"StockPrice\" ng-controller=\"StockPriceController\" ng-init=\"initStockPrice('https:\/\/www.westerndigital.com\/stockpricefeed')\">\n<div class=\"flex items-center\"><\/div>\n<\/div>\n<\/div>\n<\/div>[\/et_pb_text][\/et_pb_column][et_pb_column type=\u201d1_2\u2033 _builder_version=\u201d3.25\u2033 custom_padding=\u201d|||\u201d global_colors_info=\u201d{}\u201d custom_padding__hover=\u201d|||\u201d theme_builder_area=\u201dpost_content\u201d][et_pb_signup mailchimp_list=\u201delegantthemestest|1ea2bbd026\u2033 layout=\u201dtop_bottom\u201d name_field=\u201don\u201d title=\u201dPrenumerera\u201d button_text=\u201dG\u00e5 med i nyhetsbrevet\u201d _builder_version=\u201d4_3 form_0\u201d4.1 form=\u201d4.1 form_0. 0,0,0)\u201d form_field_text_color=\u201d#ffffff\u201d header_font=\u201dBitter|||||||\u201d header_font_size=\u201d42px\u201d header_line_height=\u201d1.2em\u201d body_font=\u201d|||||||\u201d form_field_font_size=\u201d16px\u201d form_field_line_height=\u201d1.8em\u201d background_color=\u201d#4359e9\u2033 custom_button=\u201don\u201d button_text_size=\u201d14px\u201d button_text_color=\u201d#2a2a2a\u201d button_bg_0bordff=\u201d1TP\u201d0\u201d button_bg_0bordff=\u201d0g\u201d0g\u201d button_bg_0bordff=\u201d1TP\u201d0\u201d0g\u201d button_border_radius=\u201d100px\u201d button_letter_spacing=\u201d2px\u201d button_font=\u201dRaleway|700||on|||||\u201d button_icon=\u201d$||divi||400\u2033 button_custom_padding=\u201d15px|40px|15px|40px|true|true\u201d text_orientation=\u201dcenter\u201d custom_margin=\u201d-90px||0px|||\u201d custom_margin_tablet=&quot;0px|||&quot; custom_margin_phone=\u201d\u201d custom_margin_last_edited=\u201dp\u00e5|surfplatta\u201d custom_padding=\u201d60px|60px|60px|60px|true|true\u201d custom_padding_tablet=\u201d\u201d custom_padding_phone=\u201d30px|30px|30pxru|_0e_padding=\u201d30px|30px|30pxru|_0e_padding=\u201dsista\u201d phone\u201d header_font_size_tablet=\u201d32px\u201d header_font_size_phone=\u201d26px\u201d header_font_size_last_edited=\u201don|phone\u201d border_radii_fields=\u201don|100px|100px|100px|100px\u201d border_width_all_fields=\u201d2px\u201d border_color_all_fields=\u201d#ffffff\u201d box_shadow_style=\u201dpreset1\u2033 box_shadow_vertical=\u201d 24px\u201d box_shadow_blur=\u201d100px\u201d box_shadow_spread=\u201d-30px\u201d box_shadow_color=\u201drgba(0,0,0,0.24)\u201d locked=\u201doff\u201d global_colors_info=\u201d{}\u201d theme_builder_area=\u201dsignup_et_tent\u201d][b][b][b][b] src=\u201dhttps:\/\/swedishtelecom.com\/wp-content\/uploads\/2022\/06\/green-energy-23.png\u201d align=\u201dcenter\u201d _builder_version=\u201d3.23.3\u2033 custom_margin=\u201d||-110px\u201d global_colors_info =\u201d{}\u201d theme_builder_area=\u201dpost_content\u201d][\/et_pb_image][\/et_pb_column][\/et_pb_row][\/et_pb_section][et_pb_section fb_built=\u201d1\u2033 admin_label=\u201dBlogg\u201d _builder_ve rsion=\u201d3.23.3\u2033 custom_padding=\u201d90px|||||\u201d global_colors_info=\u201d{}\u201d theme_builder_area=\u201dpost_content\u201d][et_pb_row _builder_version=\u201d3.25\u2033 width=\u201d90%\u201d max_width=\u201d1600px\u201d module_alignment=\u201dleft\u201d global_colors_thema_info=\u201d_builder\u201d typecolours_themaee=\u201d_builder\u201d \u201d4_4\u2033 _builder_version=\u201d3.25\u2033 custom_padding=\u201d|||\u201d global_colors_info=\u201d{}\u201d custom_padding__hover=\u201d|||\u201d theme_builder_area=\u201dpost_content\u201d][et_pb_post_slider bg_overlay_color=\u201drgba(16,40,65,0.75)\u201d _builder_version=\u201d4.13.0\u2033 header_font=\u201dBitter|||||||\u201d header_font_size=\u201d42px\u201d header_line_height=\u201d1.2em\u201d body_font=\u201d|||||||\u201d body_font_size=\u201d20px\u201d body_line_height=\u201d1.8em\u201d custom_button=\u201don\u201d button_text_size=\u201d14px\u201d button_text_color=\u201d#ffffff\u201d button_bg_color=\u201d#35d764\u2033 button_border_color=\u201d0,0_rad\u201d=\u201d0_border,0,0)\u201dx button\u201d button_letter_spacing=\u201d2px\u201d button_font=\u201dRaleway|700||on|||||\u201d button_icon=\u201d$||divi||400\u2033 button_custom_padding=\u201d15px|40px|15px|40px|true|true\u201d header_font_size_tablet=\u201d32px\u201d header_font_size_phone=\u201d26px\u201d body_fontize_fonts\u201d body_fontize_fonts\u201d body_fontize_fonts\u201d_last_fonts_phones\u201d_last_fonts 14px\u201d body_font_size_last_edited=\u201dp\u00e5|telefonen\u201d box_shadow_style=\u201dpreset1\u2033 box_shadow_vertical=\u201d24px\u201d box_shadow_blur=\u201d100px\u201d box_shadow_spread=\u201d-30px\u201d globalt box_shadow_color\u201d{}_\u201d0\u201ds, 24px\u201d theme_builder_area=\u201dpost_content\u201d][\/et_pb_post_slider][\/et_pb_column][\/et_pb_row][et_pb_row use_custom_gutter=\u201don\u201d gutter_width=\u201d2\u2033 _builder_version=\u201d3.25\u2033=\u201d_postbuilder\u201d_colors theme_builder\u201d_color =\u201d4_4\u2033 _builder_version=\u201d3.25\u2033 custom_padding=\u201d|||\u201d global_colors_info=\u201d{}\u201d custom_padding__hover=\u201d|||\u201d theme_builder_area=\u201dpost_content\u201d][et_pb_blog fullwidth=\u201doff\u201d posts_number=\u201d6\u2033 _builder_version=\u201d3.23.3\u2033 header_font=\u201dBitter|||||||\u201d header_font_size=\u201d20px\u201d header_line_height=\u201d1.4em\u201d body_font=\u201d|||||||\u201d body_line_height=\u201d1.8em\u201d meta_font=\u201dRaleway|||on|||||\u201d meta_text_color=\u201d#bababa\u201d meta_font_size=\u201d12px\u201d meta_letter_spacing=\u201d1px\u201d meta_line_height=\u201d1.6em\u201d read_more_font=\u201d||||||||\u201d pagination_font=\u201dBitter||||||||\u201d pagination_text_color=\u201d#35d764\u2033 pagination_font_size=\u201d24px\u201d pagination_line_height=\u201d1.8em\u201d header_font_size_tablet=\u201d\u201d header_font_size_phone=\u201d18px\u201d header_font_size_last_edited=\u201don|phone\u201d body_font_size_tablet=\u201d\u201d body_font_size_phone=\u201d14px\u201d body_font_size_last_edited=\u201don|desktop\u201d border_width_all= \u201d0px\u201d box_shadow_style=\u201dpreset1\u2033 box_shadow_vertical=\u201d24px\u201d box_shadow_blur=\u201d100px\u201d box_shadow_spread=\u201d-30px\u201d box_shadow_color=\u201drgba(0,0,0,0.24)=\u201d_colored_s_av global info\u201d_colored_s_av. =\u201dpost_content\u201d][\/et_pb_blog][\/et_pb_column][\/et_pb_row][\/et_pb_section][et_pb_section fb_built=\u201d1\u2033 custom_padding_last_edited=\u201dp\u00e5|surfplatta\u201d admin_label=\u201dFooter background\u201d=\u201d3.2\u201d_color.=\u201d3.2\u201d #5bd87f\u201d width=\u201d90%\u201d width_tablet=\u201d100%\u201d width_phone=\u201d\u201d width_last_edited=\u201dp\u00e5|desktop\u201d module_alignment=\u201dright\u201d custom_margin_tablet=\u201d||0vw\u201d_ custom_margin_padd\u201d1. 4vw||true|false\u201d custom_padding_tablet=\u201d|0vw||\u201d custom_padding_phone=\u201d\u201d locked=\u201doff\u201d global_colors_info=\u201d{}\u201d theme_builder_area=\u201dpost_content\u201d][et_pb_row _builder_version=\u201d3.25\u2033 global_colors_info=\u201d{}\u201d theme_builder_area=\u201dpost_content=\u201dpost_content\u201d_4\u201d][um_typep 3,25\u2033 custom_padding=\u201d|||\u201d global_colors_info=\u201d{}\u201d custom_padding__hover=\u201d|||\u201d theme_builder_area=\u201dpost_content\u201d][et_pb_signup mailchimp_list=\u201delegantthemestest|1ea2bbd026\u2033 layout=\u201dtop_bottom\u201d first_name_field=\u201doff\u201d last_name_field=\u201doff\u201d title=\u201dPrenumerera p\u00e5 v\u00e5rt nyhetsbrev\u201d _builder_color_version.=back ,0,0,0)\u201d form_field_text_color=\u201d#ffffff\u201d header_font=\u201dBitter|||||||\u201d header_font_size=\u201d42px\u201d header_line_height=\u201d1.2em\u201d body_font=\u201d|||||||\u201d form_field_font=\u201dRaleway||||||||\u201d form_field_font_size=\u201d16px\u201d form_field_line_height=\u201d1,8em\u201d background_color=\u201drgba(0,0,0,0)\u201d custom_button=\u201don\u201d button_text_size=\u201d14px\u201d button_text_color=\u201d#2a2a2a\u201d button_bg_bordffff=\u201d1TPcolor\u201d button_bg_bordffff=\u201d1TPrgba 0,0,0,0)\u201d button_border_radius=\u201d100px\u201d button_letter_spacing=\u201d2px\u201d button_font=\u201dRaleway|700||on|||||\u201d button_icon=\u201d$||divi||400\u2033 button_custom_padding=\u201d15px||15px||true\u201d text_orientation=\u201dcenter\u201d max_width=\u201d700px\u201d module_alignment=\u201dcenter\u201d header_font_size_tablet=\u201d\u201d header_phone_font_size_sizepxedon\u201d_last_fontsize\u201d |desktop\u201d border_radii_fields=\u201don|100px|100px|100px|100px\u201d border_width_all_fields=\u201d2px\u201d border_color_all_fields=\u201d#ffffff\u201d global_colors_info=\u201d{}\u201d theme_builder_contenb=[collage_contenb][col_builder_contenb][col_builder_areatn\/ [\/et_pb_section]","protected":false},"excerpt":{"rendered":"<p>Nyheter och pressmeddelanden Utforska v\u00e5ra pressmeddelanden och nyheter om v\u00e5rt f\u00f6retag, projekt, produkter och innovationer.<\/p>","protected":false},"author":1,"featured_media":0,"parent":0,"menu_order":0,"comment_status":"closed","ping_status":"closed","template":"","meta":{"_et_pb_use_builder":"on","_et_pb_old_content":"","_et_gb_content_width":"","om_disable_all_campaigns":false,"footnotes":""},"class_list":["post-294","page","type-page","status-publish","hentry"],"aioseo_notices":[],"_links":{"self":[{"href":"https:\/\/swedishtelecom.com\/sv\/wp-json\/wp\/v2\/pages\/294","targetHints":{"allow":["GET"]}}],"collection":[{"href":"https:\/\/swedishtelecom.com\/sv\/wp-json\/wp\/v2\/pages"}],"about":[{"href":"https:\/\/swedishtelecom.com\/sv\/wp-json\/wp\/v2\/types\/page"}],"author":[{"embeddable":true,"href":"https:\/\/swedishtelecom.com\/sv\/wp-json\/wp\/v2\/users\/1"}],"replies":[{"embeddable":true,"href":"https:\/\/swedishtelecom.com\/sv\/wp-json\/wp\/v2\/comments?post=294"}],"version-history":[{"count":4,"href":"https:\/\/swedishtelecom.com\/sv\/wp-json\/wp\/v2\/pages\/294\/revisions"}],"predecessor-version":[{"id":421,"href":"https:\/\/swedishtelecom.com\/sv\/wp-json\/wp\/v2\/pages\/294\/revisions\/421"}],"wp:attachment":[{"href":"https:\/\/swedishtelecom.com\/sv\/wp-json\/wp\/v2\/media?parent=294"}],"curies":[{"name":"wp","href":"https:\/\/api.w.org\/{rel}","templated":true}]}}